{"id":15,"date":"2019-04-01T07:34:06","date_gmt":"2019-04-01T07:34:06","guid":{"rendered":"https:\/\/ssvoonkbih.ba\/?page_id=15"},"modified":"2019-04-01T07:34:12","modified_gmt":"2019-04-01T07:34:12","slug":"programski-ciljevi","status":"publish","type":"page","link":"https:\/\/www.ssvoonkbih.ba\/?page_id=15","title":{"rendered":"Programski ciljevi"},"content":{"rendered":"<p>Programski ciljevi i zadaci\u00a0 Sindikata temelje se na ostvarivanju i za\u0161titi interesa \u010dlanstva i s tim ciljem, Sindikat \u0107e se prvenstveno zalagati za:<\/p>\n<ul>\n<li>razvoj demokratskih procesa i izgradnju pravne i socijalne dr\u017eave sa jednakim \u0161ansama i pravima za sve;<\/li>\n<li>ostvarivanje i za\u0161titu interesa \u010dlanova Sindikata;<\/li>\n<li>obezbje\u0111ivanje odgovaraju\u0107ih uvjeta rada i uvo\u0111enje savremenih sredstava i tehnologija s ciljem uspje\u0161nijeg obavljanja poslova zaposlenih u srednjem i visokom obrazovanju, odgoju, nauci i kulturi;<\/li>\n<li>postizanje najpovoljnijih zarada;<\/li>\n<li>ugovaranje i utvr\u0111ivanje najkvalitetnije cijene rada svog \u010dlanstva;<\/li>\n<li>zalaganje za pobolj\u0161anje i jedinstveno demokratsko ure\u0111enje radnog i socijalnog prava i druge odnose koji ure\u0111uju radne odnose i druga pitanja vezana za \u017eivot i rad u srednjem i visokom obrazovanju, odgoju, nauci i kulturi;<\/li>\n<li>osiguranje preduvjeta za slobodno sindikalno organiziranje i djelovanje;<\/li>\n<li>obezbje\u0111enje besplatne pravne za\u0161tite za \u010dlanove Sindikata, uklju\u010duju\u0107i i zastupanje u disciplinskim i sudskim postupcima za utvr\u0111ivanje odgovornosti iz radnog odnosa, odnosno za\u0161tite prava iz radnog odnosa pred nadle\u017enim sudovima u skladu sa mogu\u0107nostima;<\/li>\n<li>davanje pravnih savjeta iz oblasti radnih odnosa i druge vidove pomo\u0107i i podr\u0161ke \u010dlanovima Sindikata;<\/li>\n<li>iniciranje i u\u010destvovanje u pripremi i predlaganju\u00a0 zakona i podzakonskih akata koji reguli\u0161u sistem\u00a0 srednjeg i visokog obrazovanja, odgoja, nauke, kulture,\u00a0 kao i prava i obaveze zaposlenika u\u00a0 srednjem i visokom obrazovanju, odgoju, nauci i kulturi;<\/li>\n<li>kontinuirano djelovanje s ciljem obezbje\u0111ivanja odgovaraju\u0107ih uvjeta rada u skladu sa pedago\u0161kim standardima;<\/li>\n<li>pru\u017eanje materijalne pomo\u0107i \u010dlanovima Sindikata, kao i penzionisanim radnicima, \u010dlanovima ovog Sindikata u skladu sa mogu\u0107nostima;<\/li>\n<li>obrazovanje fonda solidarnosti za materijalnu pomo\u0107 \u010dlanstvu, stambenih i \u0161tedno-kreditnih\u00a0 zadruga , u skladu sa mogu\u0107nostima;<\/li>\n<li>organiziranje edukativnih stru\u010dnih seminara za \u010dlanove Sindikata;<\/li>\n<li>u\u010dlanjivanje\u00a0\u00a0 u sindikat \u0161to ve\u0107eg broja osoba iz reda zaposlnih u srednjem i visokom obrazovanju, odgoju, nauci, kulturi i srodnim djelatnostima;<\/li>\n<li>pobolj\u0161anje i jedinstveno demokratsko ure\u0111enje radnog prava i ekonomsko socijalnog prava uz kori\u0161tenje zakonodavne inicijative;<\/li>\n<li>\u0161kolovanje, obrazovanje, stru\u010dno usavr\u0161avanje i sticanje novih znanja i sposobnosti za efikasnije vr\u0161enje poslova na radnom mjestu;<\/li>\n<li>iniciranje rje\u0161avanja pitanja zapo\u0161ljavanja zaposlenika koji su postali prekobrojni, odnosno tehnolo\u0161ki vi\u0161ak;<\/li>\n<li>zalaganje za cjelovit,\u00a0 jedinstven i zajedni\u010dki sistem obrazovanja na \u010ditavom prostoru BiH;<\/li>\n<li>razvijanje obrazovanja koje \u0107e otkloniti sve vidove diskriminacije u\u010denika i nastavnika u odnosu na\u00a0 naciju, vjeru, rasu, spol i etni\u010dku pripadnost;<\/li>\n<li>pra\u0107enje da li se potpuno i dosljedno primjenjuju odredbe radno \u2013 pravnog zakonodavstva, rezolucije MOR-a, povelje, kolektivni ugovori, podzakonski akti, pravilnici i drugi akti;<\/li>\n<li>saradnja sa ostalim sindikatima u BiH i u inozemstvu, uklju\u010duju\u0107i povezivanje, udru\u017eivanje i transformisanje s njima, u skladu sa Zakonom i zahtjevima \u010dlanstva.<\/li>\n<\/ul>\n","protected":false},"excerpt":{"rendered":"<p>Programski ciljevi i zadaci\u00a0 Sindikata temelje se na ostvarivanju i za\u0161titi interesa \u010dlanstva i s tim ciljem, Sindikat \u0107e se prvenstveno zalagati za: razvoj demokratskih procesa i izgradnju pravne i socijalne dr\u017eave sa jednakim&#46;&#46;&#46;<\/p>\n","protected":false},"author":1,"featured_media":0,"parent":13,"menu_order":2,"comment_status":"closed","ping_status":"closed","template":"","meta":{"jetpack_post_was_ever_published":false,"footnotes":""},"class_list":["post-15","page","type-page","status-publish","hentry"],"jetpack_sharing_enabled":true,"jetpack_shortlink":"https:\/\/wp.me\/PaRAHh-f","_links":{"self":[{"href":"https:\/\/www.ssvoonkbih.ba\/index.php?rest_route=\/wp\/v2\/pages\/15","targetHints":{"allow":["GET"]}}],"collection":[{"href":"https:\/\/www.ssvoonkbih.ba\/index.php?rest_route=\/wp\/v2\/pages"}],"about":[{"href":"https:\/\/www.ssvoonkbih.ba\/index.php?rest_route=\/wp\/v2\/types\/page"}],"author":[{"embeddable":true,"href":"https:\/\/www.ssvoonkbih.ba\/index.php?rest_route=\/wp\/v2\/users\/1"}],"replies":[{"embeddable":true,"href":"https:\/\/www.ssvoonkbih.ba\/index.php?rest_route=%2Fwp%2Fv2%2Fcomments&post=15"}],"version-history":[{"count":1,"href":"https:\/\/www.ssvoonkbih.ba\/index.php?rest_route=\/wp\/v2\/pages\/15\/revisions"}],"predecessor-version":[{"id":16,"href":"https:\/\/www.ssvoonkbih.ba\/index.php?rest_route=\/wp\/v2\/pages\/15\/revisions\/16"}],"up":[{"embeddable":true,"href":"https:\/\/www.ssvoonkbih.ba\/index.php?rest_route=\/wp\/v2\/pages\/13"}],"wp:attachment":[{"href":"https:\/\/www.ssvoonkbih.ba\/index.php?rest_route=%2Fwp%2Fv2%2Fmedia&parent=15"}],"curies":[{"name":"wp","href":"https:\/\/api.w.org\/{rel}","templated":true}]}}