{"id":37,"date":"2019-04-01T11:12:36","date_gmt":"2019-04-01T11:12:36","guid":{"rendered":"https:\/\/ssvoonkbih.ba\/?page_id=37"},"modified":"2025-02-03T09:31:41","modified_gmt":"2025-02-03T09:31:41","slug":"kontakt","status":"publish","type":"page","link":"https:\/\/www.ssvoonkbih.ba\/?page_id=37","title":{"rendered":"Kontakt"},"content":{"rendered":"<p style=\"font-weight: 400;\"><b>SINDIKAT SREDNJEG I VISOKOG OBRAZOVANJA, ODGOJA, NAUKE I KULTURE <\/b><b>BOSNE I<\/b><b>\u00a0<\/b><b>HERCEGOVINE<\/b><\/p>\n<p style=\"font-weight: 400;\"><b>TRADE UNION OF SECONDARY AND HIGHER EDUCATION, NURTURE, SCIENCE AND CULTURE <\/b><b>OF BOSNIA AND HERZEGOVINA<\/b><\/p>\n<p>Obala Kulina bana broj 1<br \/>\n71000 SARAJEVO<br \/>\nBOSNA I HERCEGOVINA<br \/>\nTel\/fax: ++387 33 21 35 88<br \/>\ne-mail:\u00a0<a href=\"mailto:ssvoonkbih@bih.net.ba\">ssvoonkbih@bih.net.ba<\/a><\/p>\n<p><b>PREDSJEDNICA SSVOONK BiH<\/b><\/p>\n<p><b>EDINA \u010cOMI\u0106<\/b><\/p>\n<p>Obala\u00a0Kulina\u00a0bana\u00a01,\u00a071000\u00a0Sarajevo<br \/>\nTel\/fax:\u00a0++387\u00a033\u00a021\u00a035\u00a088<br \/>\nMob.tel.: ++387 63 897 427<br \/>\ne-mail: <a href=\"mailto:ssvoonkbih@bih.net.ba\">edinacomic@live.com<\/a><br \/>\ne-mail:\u00a0<a href=\"mailto:ssvoonkbih@bih.net.ba\">ssvoonkbih@bih.net.ba<\/a><\/p>\n<p><b>PREDSJEDNIK\u00a0SKUP\u0160TINE\u00a0SSVOONK\u00a0BiH<\/b><\/p>\n<p>ADMIR TERZI\u0106<\/p>\n<p>Obala\u00a0Kulina\u00a0bana\u00a01,\u00a071000\u00a0Sarajevo<br \/>\nTel\/fax:\u00a0++387\u00a033\u00a021\u00a035\u00a088<br \/>\nMob.tel.: ++387 61 73 03 32<br \/>\nMob.tel.: ++387 62 33 90 09<br \/>\ne-mail:\u00a0<a href=\"mailto:ssvoonkbih@bih.net.ba\">ssvoonkbih@bih.net.ba<\/a><br \/>\ne-mail: <a href=\"mailto:admir.terza@bih.net.ba\">admir.terza@bih.net.ba<\/a><\/p>\n<p><b>POTPREDSJEDNIK\u00a0SSSVOONK\u00a0BiH\u00a0za\u00a0srednje\u00a0obrazovanje<\/b><b><br \/>\n<\/b>EDINA \u010cOMI\u0106<br \/>\nTel.\/fax:\u00a0++387\u00a036\u00a055\u00a017\u00a065<br \/>\nMob.tel.\u00a0++\u00a0387\u00a063\u00a0897\u00a0427<br \/>\ne-mail:\u00a0<a href=\"mailto:edinacomic@live.com\">edinacomic@live.com<\/a><\/p>\n<p><b>POTPREDSJEDNIK\u00a0SSVOONK\u00a0BIH\u00a0za\u00a0kulturu<\/b><b><br \/>\n<\/b>ADNAN\u00a0\u0110INDO<br \/>\nTel\/fax:\u00a0++387\u00a033\u00a066\u00a059\u00a060<br \/>\nMob.tel.++387\u00a061\u00a021\u00a081\u00a000<br \/>\ne-mail:<a href=\"mailto:%20%3Cscript%20language='JavaScript'%20type='text\/javascript'%3E%20%3C!--%20var%20prefix%20=%20'mailto:';%20var%20suffix%20=%20'';%20var%20attribs%20=%20'';%20var%20path%20=%20'hr'%20+%20'ef'%20+%20'=';%20var%20addy75437%20=%20'a.djindo'%20+%20'@';%20addy75437%20=%20addy75437%20+%20'gmail'%20+%20'.'%20+%20'com';%20document.write(%20'%3Ca%20'%20+%20path%20+%20'\/''%20+%20prefix%20+%20addy75437%20+%20suffix%20+%20'\/''%20+%20attribs%20+%20'%3E'%20);%20document.write(%20addy75437%20);%20document.write(%20'%3C\/\/a%3E'%20);%20\/\/--%3E%20%3C\/script%3E%3Cscript%20language='JavaScript'%20type='text\/javascript'%3E%20%3C!--%20document.write(%20'%3Cspan%20style=\/'display:%20none;\/'%3E'%20);%20\/\/--%3E%20%3C\/script%3EThis%20e-mail%20address%20is%20being%20protected%20from%20spambots.%20You%20need%20JavaScript%20enabled%20to%20view%20it%20%3Cscript%20language='JavaScript'%20type='text\/javascript'%3E%20%3C!--%20document.write(%20'%3C\/'%20);%20document.write(%20'span%3E'%20);%20\/\/--%3E%20%3C\/script%3E\">\u00a0<\/a><a href=\"mailto:a.djindo@gmail.com\">a.djindo@gmail.com<\/a><\/p>\n<p><strong>KANTONALNE ORGANIZACIJE:<\/strong><\/p>\n<ol>\n<li><b><\/b><b>UNSKO-SANSKI\u00a0KANTON<\/b><b><br \/>\n<\/b><b>SAMIR\u00a0FAJI\u0106,\u00a0predsjednik<\/b><br \/>\nKrupska\u00a0bb\u00a0\u2013\u00a077000\u00a0BIHA\u0106<br \/>\nTel\/fax:\u00a0++\u00a0387\u00a037\u00a022\u00a036\u00a061<br \/>\ntel.\u00a0++\u00a0387\u00a061\u00a015\u00a053\u00a075<br \/>\ne-mail:\u00a0<a href=\"mailto:fajic_samir@hotmail.com\">fajic_samir@hotmail.com<\/a><\/li>\n<\/ol>\n<p>&nbsp;<\/p>\n<ol start=\"2\">\n<li><b><\/b><b>\u017dUPANIJA\u00a0POSAVSKA<\/b><b><br \/>\n<\/b><b>STJEPO\u00a0PEJI\u0106,\u00a0predsjednik<\/b><br \/>\nTre\u0107a\u00a0ulica\u00a0bb\u00a0\u2013\u00a076270\u00a0ORA\u0160JE<br \/>\nTel\/fax:\u00a0++\u00a0387\u00a031\u00a071\u00a041\u00a012<br \/>\ntel.\u00a0++\u00a0387\u00a063\u00a034\u00a018\u00a068<br \/>\ne-mail:<a href=\"mailto:stjepo.pejic@gmail.com\"> stjepo.pejic@gmail.com<\/a><\/li>\n<\/ol>\n<p>&nbsp;<\/p>\n<ol start=\"3\">\n<li><b><\/b><b>TUZLANSKI\u00a0KANTON<\/b><b><br \/>\n<\/b><b>ADMIR\u00a0TERZI\u0106,\u00a0predsjednik<\/b><\/li>\n<\/ol>\n<p style=\"padding-left: 40px;\">Pozori\u0161na\u00a02\u00a0\u2013\u00a075000\u00a0TUZLA<br \/>\nTel\/fax:\u00a0++387\u00a035\u00a026\u00a004\u00a078<br \/>\nMob.tel.:\u00a0++387\u00a061\u00a073\u00a003\u00a032<br \/>\ne-mail:\u00a0<a href=\"mailto:ssvoonk.tk@bih.net.ba\">ssvoonk.tk@bih.net.ba<\/a><\/p>\n<p>&nbsp;<\/p>\n<ol start=\"4\">\n<li><b><\/b><b>ZENI\u010cKO-DOBOJSKI\u00a0KANTON<\/b><b><br \/>\n<\/b><b>\u0110EVAD\u00a0HAD\u017dI\u0106,\u00a0predsjednik<\/b><\/li>\n<\/ol>\n<p style=\"padding-left: 40px;\">Fra\u00a0Ivana\u00a0Juki\u0107a\u00a01\/II\u00a0\u2013\u00a072000\u00a0ZENICA<br \/>\nTel\/fax:\u00a0++387\u00a032\u00a040\u00a090\u00a032<br \/>\nMob.tel.\u00a0++387\u00a061\u00a070\u00a001\u00a034<br \/>\ne-mail:\u00a0<a href=\"mailto:hadzicd@hotmail.com\">hadzicd@hotmail.com<\/a><\/p>\n<p>&nbsp;<\/p>\n<ol start=\"5\">\n<li><b><\/b><b>BOSANSKO-PODRINJSKI\u00a0KANTON<\/b><\/li>\n<\/ol>\n<p style=\"padding-left: 40px;\">NIRZAMA D\u017dEMID\u017dI\u0106, predsjednik<br \/>\nMar\u0161ala Tita 18, 75000 Gora\u017ede<br \/>\nMob.tel. ++387 61 92 87 30<br \/>\ne-mail:\u00a0<a href=\"mailto:kosindikatbpk@hotmail.com\">nicka_f@hotmail.com<\/a><\/p>\n<p>&nbsp;<\/p>\n<ol start=\"6\">\n<li><b><\/b><b>SREDNJOBOSANSKI\u00a0KANTON<\/b><b><br \/>\n<\/b><b>MEHMED PARI\u0106, predsjednik<\/b><\/li>\n<\/ol>\n<p style=\"padding-left: 40px;\">Ciglane\u00a02,\u00a0\u00a0\u2013\u00a070230\u00a0BUGOJNO<br \/>\nTel\/fax:\u00a0++387\u00a030\u00a0252\u00a0207<br \/>\nMob.tel.\u00a0++387\u00a061 543 757<br \/>\ne-mail: <a href=\"mailto:mehmed.paric@gmail.com\">mehmed.paric@gmail.com<\/a><\/p>\n<p>&nbsp;<\/p>\n<ol start=\"7\">\n<li><b><\/b><b>HERCEGOVA\u010cKO-NERETVANSKI\u00a0KANTON<\/b><b><br \/>\n<\/b><b>EDINA \u010cOMI\u0106, predsjednica<\/b><\/li>\n<\/ol>\n<p style=\"padding-left: 40px;\">Bra\u0107e\u00a0Feji\u0107a\u00a0bb\u00a0\u2013\u00a088000\u00a0MOSTAR<br \/>\nTel.\/fax:\u00a0++387\u00a036\u00a055\u00a017\u00a065<br \/>\nMob.tel.\u00a0++\u00a0387\u00a063\u00a0897\u00a0427<br \/>\ne-mail:\u00a0<a href=\"mailto:edinacomic@live.com\">edinacomic@live.com<\/a><\/p>\n<p>&nbsp;<\/p>\n<ol start=\"8\">\n<li><b><\/b><b>KANTON\u00a0SARAJEVO<\/b><b><br \/>\n<\/b><b>ADMIR \u0160UVALI\u0106, predsjednik<\/b><\/li>\n<\/ol>\n<p style=\"padding-left: 40px;\">Obala\u00a0Kulina\u00a0bana\u00a01\/V\u2013\u00a071000\u00a0SARAJEVO<br \/>\nTel.\/fax:\u00a0++387\u00a033\u00a021\u00a078\u00a044<br \/>\nMob.tel. ++387 61 22 51 52<br \/>\nE-mail: <a href=\"mailto:ssvoonkbihkoks@gmail.com\">ssvoonkbihkoks@gmail.com<\/a><\/p>\n<p>&nbsp;<\/p>\n","protected":false},"excerpt":{"rendered":"<p>SINDIKAT SREDNJEG I VISOKOG OBRAZOVANJA, ODGOJA, NAUKE I KULTURE BOSNE I\u00a0HERCEGOVINE TRADE UNION OF SECONDARY AND HIGHER EDUCATION, NURTURE, SCIENCE AND CULTURE OF BOSNIA AND HERZEGOVINA Obala Kulina bana broj 1 71000 SARAJEVO BOSNA&#46;&#46;&#46;<\/p>\n","protected":false},"author":1,"featured_media":0,"parent":0,"menu_order":0,"comment_status":"closed","ping_status":"closed","template":"","meta":{"jetpack_post_was_ever_published":false,"footnotes":""},"class_list":["post-37","page","type-page","status-publish","hentry"],"jetpack_sharing_enabled":true,"jetpack_shortlink":"https:\/\/wp.me\/PaRAHh-B","_links":{"self":[{"href":"https:\/\/www.ssvoonkbih.ba\/index.php?rest_route=\/wp\/v2\/pages\/37","targetHints":{"allow":["GET"]}}],"collection":[{"href":"https:\/\/www.ssvoonkbih.ba\/index.php?rest_route=\/wp\/v2\/pages"}],"about":[{"href":"https:\/\/www.ssvoonkbih.ba\/index.php?rest_route=\/wp\/v2\/types\/page"}],"author":[{"embeddable":true,"href":"https:\/\/www.ssvoonkbih.ba\/index.php?rest_route=\/wp\/v2\/users\/1"}],"replies":[{"embeddable":true,"href":"https:\/\/www.ssvoonkbih.ba\/index.php?rest_route=%2Fwp%2Fv2%2Fcomments&post=37"}],"version-history":[{"count":16,"href":"https:\/\/www.ssvoonkbih.ba\/index.php?rest_route=\/wp\/v2\/pages\/37\/revisions"}],"predecessor-version":[{"id":2211,"href":"https:\/\/www.ssvoonkbih.ba\/index.php?rest_route=\/wp\/v2\/pages\/37\/revisions\/2211"}],"wp:attachment":[{"href":"https:\/\/www.ssvoonkbih.ba\/index.php?rest_route=%2Fwp%2Fv2%2Fmedia&parent=37"}],"curies":[{"name":"wp","href":"https:\/\/api.w.org\/{rel}","templated":true}]}}