{"id":547,"date":"2019-04-24T07:15:24","date_gmt":"2019-04-24T07:15:24","guid":{"rendered":"https:\/\/www.ssvoonkbih.ba\/?page_id=547"},"modified":"2019-04-24T07:15:24","modified_gmt":"2019-04-24T07:15:24","slug":"sindikalni-organi","status":"publish","type":"page","link":"https:\/\/www.ssvoonkbih.ba\/?page_id=547","title":{"rendered":"Sindikalni organi"},"content":{"rendered":"<p><b>DOPREDSJEDNIK SSSVOONK BiH za srednje obrazovanje<\/b><b><br \/>\nABDULAH SEREZLIJA<\/b><br \/>\nTel\/fax: ++387 30 25 22 07 (\u0161kola)<br \/>\nMob.tel.++387 61 19 83 22<br \/>\ne-mail:\u00a0<a href=\"mailto:dudoserezlija@yahoo.com\">dudoserezlija@yahoo.com<\/a><\/p>\n<p><b>DOPREDSJEDNIK SSVOONK BIH za visoko obrazovanje<\/b><br \/>\nN\/A<\/p>\n<p><b>DOPREDSJEDNIK SSVOONK BIH za kulturu<\/b><b><br \/>\nADNAN \u0110INDO<\/b><br \/>\nTel\/fax: ++387 33 66 59 60<br \/>\nMob.tel.++387 61 21 81 00<br \/>\ne-mail:<a href=\"mailto:%20%3Cscript%20language='JavaScript'%20type='text\/javascript'%3E%20%3C!--%20var%20prefix%20=%20'mailto:';%20var%20suffix%20=%20'';%20var%20attribs%20=%20'';%20var%20path%20=%20'hr'%20+%20'ef'%20+%20'=';%20var%20addy75437%20=%20'a.djindo'%20+%20'@';%20addy75437%20=%20addy75437%20+%20'gmail'%20+%20'.'%20+%20'com';%20document.write(%20'%3Ca%20'%20+%20path%20+%20'\\''%20+%20prefix%20+%20addy75437%20+%20suffix%20+%20'\\''%20+%20attribs%20+%20'%3E'%20);%20document.write(%20addy75437%20);%20document.write(%20'%3C\\\/a%3E'%20);%20\/\/--%3E%20%3C\/script%3E%3Cscript%20language='JavaScript'%20type='text\/javascript'%3E%20%3C!--%20document.write(%20'%3Cspan%20style=\\'display:%20none;\\'%3E'%20);%20\/\/--%3E%20%3C\/script%3EThis%20e-mail%20address%20is%20being%20protected%20from%20spambots.%20You%20need%20JavaScript%20enabled%20to%20view%20it%20%3Cscript%20language='JavaScript'%20type='text\/javascript'%3E%20%3C!--%20document.write(%20'%3C\/'%20);%20document.write(%20'span%3E'%20);%20\/\/--%3E%20%3C\/script%3E\">\u00a0<\/a><a href=\"mailto:a.djindo@gmail.com\">a.djindo@gmail.com<\/a><\/p>\n<p><b>PREDSJEDNICA Sekcije mladih<\/b><\/p>\n<p><b>MERIMA KURTOVI\u0106 \u010cENGI\u0106<\/b><\/p>\n<p>Mob.tel.++387\u00a061 554 702<\/p>\n<p>e-mail:<b>\u00a0<\/b><b><a href=\"mailto:merima.kurtovic@gmail.com\">merima.kurtovic@gmail.com<\/a><\/b><\/p>\n<p><b>PREDSJEDNICA Sekcije \u017eena<\/b><\/p>\n<p>SUADA KARI\u0106<\/p>\n<p>Mob.tel.++387 61 253 712<\/p>\n<p>e-mail:<a href=\"mailto:%20%3Cscript%20language='JavaScript'%20type='text\/javascript'%3E%20%3C!--%20var%20prefix%20=%20'mailto:';%20var%20suffix%20=%20'';%20var%20attribs%20=%20'';%20var%20path%20=%20'hr'%20+%20'ef'%20+%20'=';%20var%20addy25492%20=%20'a.djindo'%20+%20'@';%20addy25492%20=%20addy25492%20+%20'gmail'%20+%20'.'%20+%20'com';%20document.write(%20'%3Ca%20'%20+%20path%20+%20'\\''%20+%20prefix%20+%20addy25492%20+%20suffix%20+%20'\\''%20+%20attribs%20+%20'%3E'%20);%20document.write(%20addy25492%20);%20document.write(%20'%3C\\\/a%3E'%20);%20\/\/--%3E%20%3C\/script%3E%3Cscript%20language='JavaScript'%20type='text\/javascript'%3E%20%3C!--%20document.write(%20'%3Cspan%20style=\\'display:%20none;\\'%3E'%20);%20\/\/--%3E%20%3C\/script%3EThis%20e-mail%20address%20is%20being%20protected%20from%20spambots.%20You%20need%20JavaScript%20enabled%20to%20view%20it%20%3Cscript%20language='JavaScript'%20type='text\/javascript'%3E%20%3C!--%20document.write(%20'%3C\/'%20);%20document.write(%20'span%3E'%20);%20\/\/--%3E%20%3C\/script%3E\">\u00a0<\/a><a href=\"mailto:suada.karic2@gmail.com\">suada.karic2@gmail.com<\/a><\/p>\n<p>&nbsp;<\/p>\n<ol>\n<li><b>UNSKO-SANSKI KANTON<\/b><b><br \/>\nSAMIR FAJI\u0106, predsjednik<\/b><br \/>\nKrupska bb \u2013 77000 BIHA\u0106<br \/>\nTel\/fax: ++ 387 37 22 36 61<br \/>\nMob.tel. ++ 387 61 15 53 75<br \/>\ne-mail:\u00a0<a href=\"mailto:fajic_samir@hotmail.com\">fajic_samir@hotmail.com<\/a><\/li>\n<li><b>\u017dUPANIJA POSAVSKA<\/b><b><br \/>\nSTJEPO PEJI\u0106, predsjednik<\/b><br \/>\n<b>Tre\u0107a ulica bb \u2013 76270 ORA\u0160JE<\/b><b><\/b><br \/>\n<b>Tel\/fax: ++ 387 31 71 41 12<\/b><b><\/b><br \/>\n<b>Mob.tel. ++ 387 63 34 18 68<\/b><b>\u00a0<\/b><br \/>\n<b>e-mail:<\/b>\u00a0<a href=\"mailto:stjepo.pejic@gmail.com\">stjepo.pejic@gmail.com<\/a><\/li>\n<li><b>TUZLANSKI KANTON<br \/>\nADMIR TERZI\u0106, predsjednik<\/b><\/li>\n<\/ol>\n<p>Pozori\u0161na 2 \u2013 75000 TUZLA<br \/>\nTel\/fax: ++387 35 26 04 78<br \/>\nMob.tel.: ++387 61 73 03 32<br \/>\ne-mail:\u00a0<a href=\"mailto:ssvoonk.tk@bih.net.ba\">ssvoonk.tk@bih.net.ba<\/a><\/p>\n<ol start=\"4\">\n<li><b>ZENI\u010cKO-DOBOJSKI KANTON<\/b><b><\/b><b><br \/>\n\u0110EVAD HAD\u017dI\u0106, predsjednik<\/b><\/li>\n<\/ol>\n<p>Fra Ivana Juki\u0107a 1\/II \u2013 72000 ZENICA<br \/>\nTel\/fax: ++387 32 40 90 32<br \/>\nMob.tel. ++387 61 70 01 34<br \/>\ne-mail:\u00a0<a href=\"mailto:hadzicd@hotmail.com\">hadzicd@hotmail.com<\/a><\/p>\n<ol start=\"5\">\n<li><b>BOSANSKO-PODRINJSKI KANTON<\/b><b><\/b><b><br \/>\nHILMO BUNJO, predsjednik<\/b><\/li>\n<\/ol>\n<p>Mob.tel. ++387 62 11 91 57<br \/>\ne-mail:\u00a0<a href=\"mailto:bunjo_hilmo@yahoo.com\">bunjo_hilmo@yahoo.com<\/a><\/p>\n<ol start=\"6\">\n<li><b>SREDNJOBOSANSKI KANTON<\/b><b><\/b><b><br \/>\nNED\u017dAD JAHI\u0106, predsjednik<\/b><\/li>\n<\/ol>\n<p>Zenjak Centar 7\/84 \u2013 72270 TRAVNIK<br \/>\nTel\/fax: ++387 30 51 84 13<br \/>\nMob.tel. ++387 61 47 67 54<br \/>\ne-mail:\u00a0<a href=\"mailto:nedzad.jahic@bih.net.ba\">nedzad.jahic@bih.net.ba<\/a><\/p>\n<ol start=\"7\">\n<li><b>HERCEGOVA\u010cKO-NERETVANSKI KANTON<\/b><b><br \/>\nEDINA \u010cOMI\u0106, predsjednik<\/b><\/li>\n<\/ol>\n<p>Salke \u0160esti\u0107a 2 \u2013 88000 MOSTAR<br \/>\nTel.\/fax: ++387 36 55 17 65<br \/>\nMob.tel. ++ 387 63 48 76 04<br \/>\ne-mail:\u00a0<a href=\"mailto:edinacomic@live.com\">edinacomic@live.com<\/a><\/p>\n<ol start=\"8\">\n<li><b>KANTON SARAJEVO<\/b><b><br \/>\nFARUK BE\u0160LI\u0106, predsjednik<\/b><\/li>\n<\/ol>\n<p>Alipa\u0161ina 9\/III \u2013 71000 SARAJEVO<br \/>\nTel.\/fax: ++387 33 21 78 44<br \/>\nMob.tel. ++387 61 17 23 63<br \/>\nE-mail:\u00a0<a href=\"mailto:faruk.beslic@hotmail.com\">faruk.beslic@hotmail.com<\/a><br \/>\ne-mail:\u00a0<a href=\"mailto:ssvoonk.kosa@hotmail.com\">ssvoonk.kosa@hotmail.com<\/a><\/p>\n<p>&nbsp;<\/p>\n<p><b>Glavni odbor SSVOONK- a BiH<\/b><\/p>\n<ol>\n<li>\u0110evad Had\u017ei\u0107, predsjednik<\/li>\n<li>Abdulah Serezlija, dopredsjednik za srednje obrazovanje<\/li>\n<li>N\/A, dopredsjednik za visoko obrazovanje<\/li>\n<li>Adnan \u0110indo, dopredsjednik za kulturu<\/li>\n<li>Samir Faji\u0107<\/li>\n<li>Adnan Suljanovi\u0107<\/li>\n<li>Mirsad Veli\u0107<\/li>\n<li>D\u017eenisa Bu\u017eimki\u0107<\/li>\n<li>Stjepo Peji\u0107<\/li>\n<li>Admir Terzi\u0107<\/li>\n<li>Merima Kurtovi\u0107 \u010cengi\u0107<\/li>\n<li>Elbira Be\u0161i\u0107<\/li>\n<li>Semir Rami\u0107<\/li>\n<li>Hazim Zej\u010dirovi\u0107<\/li>\n<li>Zvonimir Jakovljevi\u0107<\/li>\n<li>Nihada Duranovi\u0107<\/li>\n<li>Zumra Berbi\u0107<\/li>\n<li>Mustafa Muji\u0107<\/li>\n<li>Spaho Bradari\u0107<\/li>\n<li>Azra Emi\u0107<\/li>\n<li>Himo Bunjo<\/li>\n<li>Nedzad Jahi\u0107<\/li>\n<li>Edina \u010comi\u0107<\/li>\n<li>Pa\u0161i\u0107 Muhamed<\/li>\n<li>Elma Temin<\/li>\n<li>Faruk Be\u0161li\u0107<\/li>\n<li>Samka Had\u017eihasanovi\u0107-Midhat<\/li>\n<li>Mesud Bekti\u0107<\/li>\n<li>Suada Kari\u0107<\/li>\n<li>Faruk \u010cupovi\u0107<\/li>\n<li>\u0160emso I\u0161eri\u0107<\/li>\n<li>Nedeljka \u0160ljivo<\/li>\n<li>Tatjana Pirali\u0107-Romani\u0107<\/li>\n<\/ol>\n<p><b>Nadzorni odbor SSVOONK-a BiH<\/b><\/p>\n<ol>\n<li>Sead \u0160ljivnjak, predsjednik<\/li>\n<li>Nahid Crnica, \u010dlan<\/li>\n<li>D\u017eemid\u017ei\u0107 Nirzama, \u010dlan<\/li>\n<\/ol>\n<p><b>Statutarna komisija SSVOONK-a BiH<\/b><\/p>\n<ol>\n<li>Halim Avdagi\u0107, predsjednik<\/li>\n<li>Muhamed Dedi\u0107, \u010dlan<\/li>\n<li>Jasna Karovi\u0107, \u010dlan<\/li>\n<li>Edin Huski\u0107, \u010dlan<\/li>\n<li>Enes Zukanovi\u0107, \u010dlan<\/li>\n<\/ol>\n<p><b>Sud \u010dasti SSVOONK-a BiH<\/b><\/p>\n<ol>\n<li>Ahmet Beganovi\u0107, predsjednik<\/li>\n<li>Mehmed Fejzi\u0107, \u010dlan<\/li>\n<li>Adis Zuki\u0107, \u010dlan<\/li>\n<li>Tatjana Tafro \u2013 \u017divkovi\u0107, \u010dlan<\/li>\n<li>Ana \u017divkovi\u0107, \u010dlan<\/li>\n<\/ol>\n<nav class=\"pagination group\">\n<div class=\"wp-pagenavi\" role=\"navigation\"><\/div>\n<\/nav>\n","protected":false},"excerpt":{"rendered":"<p>DOPREDSJEDNIK SSSVOONK BiH za srednje obrazovanje ABDULAH SEREZLIJA Tel\/fax: ++387 30 25 22 07 (\u0161kola) Mob.tel.++387 61 19 83 22 e-mail:\u00a0dudoserezlija@yahoo.com DOPREDSJEDNIK SSVOONK BIH za visoko obrazovanje N\/A DOPREDSJEDNIK SSVOONK BIH za kulturu ADNAN&#46;&#46;&#46;<\/p>\n","protected":false},"author":1,"featured_media":0,"parent":0,"menu_order":0,"comment_status":"closed","ping_status":"closed","template":"","meta":{"jetpack_post_was_ever_published":false,"footnotes":""},"class_list":["post-547","page","type-page","status-publish","hentry"],"jetpack_sharing_enabled":false,"jetpack_shortlink":"https:\/\/wp.me\/PaRAHh-8P","_links":{"self":[{"href":"https:\/\/www.ssvoonkbih.ba\/index.php?rest_route=\/wp\/v2\/pages\/547","targetHints":{"allow":["GET"]}}],"collection":[{"href":"https:\/\/www.ssvoonkbih.ba\/index.php?rest_route=\/wp\/v2\/pages"}],"about":[{"href":"https:\/\/www.ssvoonkbih.ba\/index.php?rest_route=\/wp\/v2\/types\/page"}],"author":[{"embeddable":true,"href":"https:\/\/www.ssvoonkbih.ba\/index.php?rest_route=\/wp\/v2\/users\/1"}],"replies":[{"embeddable":true,"href":"https:\/\/www.ssvoonkbih.ba\/index.php?rest_route=%2Fwp%2Fv2%2Fcomments&post=547"}],"version-history":[{"count":1,"href":"https:\/\/www.ssvoonkbih.ba\/index.php?rest_route=\/wp\/v2\/pages\/547\/revisions"}],"predecessor-version":[{"id":548,"href":"https:\/\/www.ssvoonkbih.ba\/index.php?rest_route=\/wp\/v2\/pages\/547\/revisions\/548"}],"wp:attachment":[{"href":"https:\/\/www.ssvoonkbih.ba\/index.php?rest_route=%2Fwp%2Fv2%2Fmedia&parent=547"}],"curies":[{"name":"wp","href":"https:\/\/api.w.org\/{rel}","templated":true}]}}